{"id":725,"date":"2020-01-28T07:40:48","date_gmt":"2020-01-28T07:40:48","guid":{"rendered":"https:\/\/schliessanlagen-saar.de\/?page_id=725"},"modified":"2021-04-28T07:48:16","modified_gmt":"2021-04-28T07:48:16","slug":"mechanische-schliessanlagen","status":"publish","type":"page","link":"https:\/\/schliessanlagen-saar.de\/?page_id=725","title":{"rendered":"Mechanische Schlie\u00dfanlagen"},"content":{"rendered":"<div id=\"pl-725\"  class=\"panel-layout\" ><div id=\"pg-725-0\"  class=\"panel-grid panel-has-style\" ><div class=\"siteorigin-panels-stretch panel-row-style panel-row-style-for-725-0\" data-stretch-type=\"full-stretched-padded\" ><div id=\"pgc-725-0-0\"  class=\"panel-grid-cell panel-grid-cell-empty\" ><\/div><div id=\"pgc-725-0-1\"  class=\"panel-grid-cell panel-grid-cell-mobile-last\" ><div id=\"panel-725-0-1-0\" class=\"so-panel widget widget_sow-image panel-first-child\" data-index=\"0\" ><div\n\t\t\t\n\t\t\tclass=\"so-widget-sow-image so-widget-sow-image-default-334eeca80698-725\"\n\t\t\t\n\t\t>\n<div class=\"sow-image-container\">\n\t\t<img \n\tsrc=\"https:\/\/schliessanlagen-saar.de\/wp-content\/uploads\/2018\/09\/mech-schliess.jpg\" width=\"1100\" height=\"380\" srcset=\"https:\/\/schliessanlagen-saar.de\/wp-content\/uploads\/2018\/09\/mech-schliess.jpg 1100w, https:\/\/schliessanlagen-saar.de\/wp-content\/uploads\/2018\/09\/mech-schliess-300x104.jpg 300w, https:\/\/schliessanlagen-saar.de\/wp-content\/uploads\/2018\/09\/mech-schliess-768x265.jpg 768w, https:\/\/schliessanlagen-saar.de\/wp-content\/uploads\/2018\/09\/mech-schliess-1024x354.jpg 1024w\" sizes=\"(max-width: 1100px) 100vw, 1100px\" alt=\"Schlie\u00dfanlagen\" \t\tclass=\"so-widget-image\"\/>\n\t<\/div>\n\n<\/div><\/div><div id=\"panel-725-0-1-1\" class=\"so-panel widget widget_sow-headline panel-last-child\" data-index=\"1\" ><div\n\t\t\t\n\t\t\tclass=\"so-widget-sow-headline so-widget-sow-headline-default-8f2154d3a3ae-725\"\n\t\t\t\n\t\t><div class=\"sow-headline-container \">\n\t\t\t\t\t\t<div class=\"decoration\">\n\t\t\t\t\t\t<div class=\"decoration-inside\"><\/div>\n\t\t\t\t\t<\/div>\n\t\t\t\t\t<\/div>\n<\/div><\/div><\/div><div id=\"pgc-725-0-2\"  class=\"panel-grid-cell panel-grid-cell-empty\" ><\/div><\/div><\/div><div id=\"pg-725-1\"  class=\"panel-grid panel-has-style\" ><div class=\"lsow-row siteorigin-panels-stretch panel-row-style panel-row-style-for-725-1\" data-stretch-type=\"full\" ><div id=\"pgc-725-1-0\"  class=\"panel-grid-cell\" ><div id=\"panel-725-1-0-0\" class=\"so-panel widget widget_sow-editor panel-first-child panel-last-child\" data-index=\"2\" ><div\n\t\t\t\n\t\t\tclass=\"so-widget-sow-editor so-widget-sow-editor-base\"\n\t\t\t\n\t\t>\n<div class=\"siteorigin-widget-tinymce textwidget\">\n\t<div class=\"su-spacer\" style=\"height:100px\"><\/div>\n<\/div>\n<\/div><\/div><\/div><\/div><\/div><div id=\"pg-725-2\"  class=\"panel-grid panel-no-style\" ><div id=\"pgc-725-2-0\"  class=\"panel-grid-cell\" ><div id=\"panel-725-2-0-0\" class=\"so-panel widget widget_sow-headline panel-first-child panel-last-child\" data-index=\"3\" ><div\n\t\t\t\n\t\t\tclass=\"so-widget-sow-headline so-widget-sow-headline-default-af7218374c0c-725\"\n\t\t\t\n\t\t><div class=\"sow-headline-container \">\n\t\t\t\t\t\t\t<h2 class=\"sow-headline\">\n\t\t\t\t\t\tMechanische Schlie\u00dfanlagen\t\t\t\t\t\t<\/h2>\n\t\t\t\t\t\t\t\t\t\t\t<div class=\"decoration\">\n\t\t\t\t\t\t<div class=\"decoration-inside\"><\/div>\n\t\t\t\t\t<\/div>\n\t\t\t\t\t<\/div>\n<\/div><\/div><\/div><\/div><div id=\"pg-725-3\"  class=\"panel-grid panel-no-style\" ><div id=\"pgc-725-3-0\"  class=\"panel-grid-cell\" ><div id=\"panel-725-3-0-0\" class=\"so-panel widget widget_sow-image panel-first-child panel-last-child\" data-index=\"4\" ><div\n\t\t\t\n\t\t\tclass=\"so-widget-sow-image so-widget-sow-image-default-113ccd71f3e6-725\"\n\t\t\t\n\t\t>\n<div class=\"sow-image-container\">\n\t\t<img \n\tsrc=\"https:\/\/schliessanlagen-saar.de\/wp-content\/uploads\/2020\/01\/ikon-mechanik.jpg\" width=\"667\" height=\"951\" srcset=\"https:\/\/schliessanlagen-saar.de\/wp-content\/uploads\/2020\/01\/ikon-mechanik.jpg 667w, https:\/\/schliessanlagen-saar.de\/wp-content\/uploads\/2020\/01\/ikon-mechanik-210x300.jpg 210w\" sizes=\"(max-width: 667px) 100vw, 667px\" alt=\"secvest\" \t\tclass=\"so-widget-image\"\/>\n\t<\/div>\n\n<\/div><\/div><\/div><div id=\"pgc-725-3-1\"  class=\"panel-grid-cell\" ><div id=\"panel-725-3-1-0\" class=\"so-panel widget widget_sow-editor panel-first-child panel-last-child\" data-index=\"5\" ><div\n\t\t\t\n\t\t\tclass=\"so-widget-sow-editor so-widget-sow-editor-base\"\n\t\t\t\n\t\t>\n<div class=\"siteorigin-widget-tinymce textwidget\">\n\t<h4>Mechanische Schlie\u00dfanlagen und Serienschlie\u00dfungen in der \u00dcbersicht<\/h4>\n<div class=\"su-spoiler su-spoiler-style-fancy su-spoiler-icon-plus su-spoiler-closed\" data-scroll-offset=\"0\" data-anchor-in-url=\"no\"><div class=\"su-spoiler-title\" tabindex=\"0\" role=\"button\"><span class=\"su-spoiler-icon\"><\/span>Gleichschlie\u00dfung<\/div><div class=\"su-spoiler-content su-u-clearfix su-u-trim\">Alle Zylinder werden von dem selben Schl\u00fcssel geschlossen, es gibt nur eine Funktion, da alle Schl\u00fcssel gleich sind. Dies ist die einfachste und h\u00e4ufigste Form. Es k\u00f6nnen jederzeit weitere gleichschlie\u00dfende Zylinder geordert werden. Jedoch k\u00f6nnen im Nachhinein keine verschieden Funktionen eingebaut werden. Diese Form wird auch als Einzelschlie\u00dfung bezeichnet. Eine sp\u00e4tere Erweiterung ist jederzeit m\u00f6glich und muss bei der Planung nicht genau bekannt sein.<\/div><\/div>\n<p>&nbsp;<\/p>\n<div class=\"su-spoiler su-spoiler-style-fancy su-spoiler-icon-plus su-spoiler-closed\" data-scroll-offset=\"0\" data-anchor-in-url=\"no\"><div class=\"su-spoiler-title\" tabindex=\"0\" role=\"button\"><span class=\"su-spoiler-icon\"><\/span>Zentralschl\u00fcssel-Anlage<\/div><div class=\"su-spoiler-content su-u-clearfix su-u-trim\">Diese besteht aus einem zentral montierten Zylinder, z.b. in der Haust\u00fcr und weiteren einzelschlie\u00dfenden Zylindern in den Wohnungs\/Etagen-T\u00fcren. Die Schl\u00fcssel der Wohnungs\/Etagen-T\u00fcren schlie\u00dfen die Haust\u00fcr auf, der Schl\u00fcssel der Haust\u00fcr schlie\u00dft nur die Haust\u00fcr\/ Zentralzylinder. Es k\u00f6nnen keine verschiedenen Funktionen eingebaut werden. Eine sp\u00e4tere Erweiterung muss im Voraus bekannt sein und eingeplant werden<\/div><\/div>\n<p>&nbsp;<\/p>\n<div class=\"su-spoiler su-spoiler-style-fancy su-spoiler-icon-plus su-spoiler-closed\" data-scroll-offset=\"0\" data-anchor-in-url=\"no\"><div class=\"su-spoiler-title\" tabindex=\"0\" role=\"button\"><span class=\"su-spoiler-icon\"><\/span>Hauptschl\u00fcssel-Anlage<\/div><div class=\"su-spoiler-content su-u-clearfix su-u-trim\">Diese Art der Schlie\u00dfanlage besteht aus einzelschlie\u00dfenden Zylindern, die alle zus\u00e4tzlich auch von einem Hauptschl\u00fcssel geschlossen werden. Eine sp\u00e4tere Erweiterung ist jederzeit m\u00f6glich und muss bei der Planung nicht genau bekannt sein<\/div><\/div>\n<p>&nbsp;<\/p>\n<div class=\"su-spoiler su-spoiler-style-fancy su-spoiler-icon-plus su-spoiler-closed\" data-scroll-offset=\"0\" data-anchor-in-url=\"no\"><div class=\"su-spoiler-title\" tabindex=\"0\" role=\"button\"><span class=\"su-spoiler-icon\"><\/span>General-Hauptschl\u00fcssel-Anlage<\/div><div class=\"su-spoiler-content su-u-clearfix su-u-trim\">Diese Art der Schlie\u00dfanlage ist eine erweiterte Hauptschl\u00fcsselanlage in der z.b. mehrere Einzelschlie\u00dfungen zu Gruppen zusammengef\u00fcgt werden. Jede Gruppe wird von ihrem eigenen Gruppenschl\u00fcssel und dem General-Hauptschl\u00fcssel geschlossen. Diese Form der Schlie\u00dfanlage ist die umfangreichste und bedarf genauer Planung von Funktionen und Gruppen. Eine sp\u00e4tere Erweiterung muss im Voraus eingeplant werden.<\/div><\/div>\n<p>&nbsp;<\/p>\n<p>&nbsp;<\/p>\n<\/div>\n<\/div><\/div><\/div><\/div><div id=\"pg-725-4\"  class=\"panel-grid panel-has-style\" ><div class=\"panel-row-style panel-row-style-for-725-4\" ><div id=\"pgc-725-4-0\"  class=\"panel-grid-cell\" ><div id=\"panel-725-4-0-0\" class=\"so-panel widget widget_sow-editor panel-first-child panel-last-child\" data-index=\"6\" ><div\n\t\t\t\n\t\t\tclass=\"so-widget-sow-editor so-widget-sow-editor-base\"\n\t\t\t\n\t\t>\n<div class=\"siteorigin-widget-tinymce textwidget\">\n\t<div class=\"su-spacer\" style=\"height:100px\"><\/div>\n<\/div>\n<\/div><\/div><\/div><\/div><\/div><div id=\"pg-725-5\"  class=\"panel-grid panel-no-style\" ><div id=\"pgc-725-5-0\"  class=\"panel-grid-cell\" ><div id=\"panel-725-5-0-0\" class=\"so-panel widget widget_sow-editor panel-first-child panel-last-child\" data-index=\"7\" ><div\n\t\t\t\n\t\t\tclass=\"so-widget-sow-editor so-widget-sow-editor-base\"\n\t\t\t\n\t\t>\n<div class=\"siteorigin-widget-tinymce textwidget\">\n\t<h6>Prospekt Mechanische Schlie\u00dfanlagen<\/h6>\n<div class=\"su-document su-u-responsive-media-yes\"><iframe loading=\"lazy\" src=\"\/\/docs.google.com\/viewer?embedded=true&url=https:\/\/schliessanlagen-saar.de\/wp-content\/uploads\/2020\/01\/WS8228_0B_mech_Schliessanlage_0319_WEB.pdf\" width=\"560\" height=\"900\" class=\"su-document\" title=\"\"><\/iframe><\/div>\n<\/div>\n<\/div><\/div><\/div><\/div><div id=\"pg-725-6\"  class=\"panel-grid panel-has-style\" ><div class=\"panel-row-style panel-row-style-for-725-6\" ><div id=\"pgc-725-6-0\"  class=\"panel-grid-cell\" ><div id=\"panel-725-6-0-0\" class=\"so-panel widget widget_sow-editor panel-first-child panel-last-child\" data-index=\"8\" ><div\n\t\t\t\n\t\t\tclass=\"so-widget-sow-editor so-widget-sow-editor-base\"\n\t\t\t\n\t\t>\n<div class=\"siteorigin-widget-tinymce textwidget\">\n\t<div class=\"su-spacer\" style=\"height:100px\"><\/div>\n<\/div>\n<\/div><\/div><\/div><\/div><\/div><div id=\"pg-725-7\"  class=\"panel-grid panel-has-style\" ><div class=\"siteorigin-panels-stretch panel-row-style panel-row-style-for-725-7\" data-stretch-type=\"full-stretched\" ><div id=\"pgc-725-7-0\"  class=\"panel-grid-cell\" ><div id=\"panel-725-7-0-0\" class=\"so-panel widget widget_sow-headline panel-first-child panel-last-child\" data-index=\"9\" ><div\n\t\t\t\n\t\t\tclass=\"so-widget-sow-headline so-widget-sow-headline-default-af7218374c0c-725\"\n\t\t\t\n\t\t><div class=\"sow-headline-container \">\n\t\t\t\t\t\t\t<h2 class=\"sow-headline\">\n\t\t\t\t\t\tUnsere Lieferanten\t\t\t\t\t\t<\/h2>\n\t\t\t\t\t\t\t\t\t\t\t\t<h3 class=\"sow-sub-headline\">\n\t\t\t\t\t\tmechanischer Schlie\u00dfanlagen und Serienschlie\u00dfungen\t\t\t\t\t\t<\/h3>\n\t\t\t\t\t\t\t\t\t\t\t<div class=\"decoration\">\n\t\t\t\t\t\t<div class=\"decoration-inside\"><\/div>\n\t\t\t\t\t<\/div>\n\t\t\t\t\t<\/div>\n<\/div><\/div><\/div><\/div><\/div><div id=\"pg-725-8\"  class=\"panel-grid panel-has-style\" ><div class=\"panel-row-style panel-row-style-for-725-8\" ><div id=\"pgc-725-8-0\"  class=\"panel-grid-cell\" ><div id=\"panel-725-8-0-0\" class=\"so-panel widget widget_sow-image panel-first-child\" data-index=\"10\" ><div\n\t\t\t\n\t\t\tclass=\"so-widget-sow-image so-widget-sow-image-default-c67d20f9f743-725\"\n\t\t\t\n\t\t>\n<div class=\"sow-image-container\">\n\t\t<img \n\tsrc=\"https:\/\/schliessanlagen-saar.de\/wp-content\/uploads\/2020\/01\/ikon.png\" width=\"161\" height=\"80\" sizes=\"(max-width: 161px) 100vw, 161px\" alt=\"\" \t\tclass=\"so-widget-image\"\/>\n\t<\/div>\n\n<\/div><\/div><div id=\"panel-725-8-0-1\" class=\"so-panel widget widget_sow-headline\" data-index=\"11\" ><div\n\t\t\t\n\t\t\tclass=\"so-widget-sow-headline so-widget-sow-headline-default-af7218374c0c-725\"\n\t\t\t\n\t\t><div class=\"sow-headline-container \">\n\t\t\t\t\t\t<div class=\"decoration\">\n\t\t\t\t\t\t<div class=\"decoration-inside\"><\/div>\n\t\t\t\t\t<\/div>\n\t\t\t\t\t<\/div>\n<\/div><\/div><div id=\"panel-725-8-0-2\" class=\"so-panel widget widget_sow-editor panel-last-child\" data-index=\"12\" ><div\n\t\t\t\n\t\t\tclass=\"so-widget-sow-editor so-widget-sow-editor-base\"\n\t\t\t\n\t\t>\n<div class=\"siteorigin-widget-tinymce textwidget\">\n\t<h1 style=\"text-align: center;\">Multiprofil plus SK6<\/h1>\n<p><img loading=\"lazy\" decoding=\"async\" class=\"alignnone size-full wp-image-757 aligncenter\" src=\"https:\/\/schliessanlagen-saar.de\/wp-content\/uploads\/2020\/01\/multiprofil_plus.jpg\" alt=\"\" width=\"650\" height=\"307\" srcset=\"https:\/\/schliessanlagen-saar.de\/wp-content\/uploads\/2020\/01\/multiprofil_plus.jpg 650w, https:\/\/schliessanlagen-saar.de\/wp-content\/uploads\/2020\/01\/multiprofil_plus-300x142.jpg 300w\" sizes=\"auto, (max-width: 650px) 100vw, 650px\" \/><\/p>\n<p>Hochwertiges IKON Profil in der Sonderklasse SK6 mit 6 aktiv wirkenden, gefederten Stiftzuhaltungen.<\/p>\n<p>Zus\u00e4tzlich sind an den L\u00e4ngsseiten des Schl\u00fcssels beid- bzw. einseitig insgesamt drei unterschiedliche Codierungsarten platziert.<\/p>\n<p>Diese Codierungen werden im Schlie\u00dfzylinder durch bis zu 9 spezielle, federlose Sperrelemente abgefragt.<\/p>\n<p>Fehlende Codierungen am Schl\u00fcssel f\u00fchren zum Blockieren des Schlie\u00dfvorgangs.<\/p>\n<p>Durch die besondere Anordnung und der Geometrie der Codierungen am Schl\u00fcssel wird ein erh\u00f6hter Schl\u00fcsselkopierschutz erreicht.<\/p>\n<p>Die Art der seitlichen Schl\u00fcsselprofilkontrolle f\u00fchrt im Vergleich zu herk\u00f6mmlichen Schl\u00fcsselprofilen zu einer wesentlich h\u00f6heren Nachschlie\u00df- und Aufsperrsicherheit.<\/p>\n<div class=\"su-spoiler su-spoiler-style-fancy su-spoiler-icon-plus su-spoiler-closed\" data-scroll-offset=\"0\" data-anchor-in-url=\"no\"><div class=\"su-spoiler-title\" tabindex=\"0\" role=\"button\"><span class=\"su-spoiler-icon\"><\/span>Produkteigenshaften<\/div><div class=\"su-spoiler-content su-u-clearfix su-u-trim\"><\/p>\n<ul>\n<li>6 (+6+2+1) gefederte Stiftzuhaltungen nach DIN EN 1303 bzw. nach DIN 18 252 = Nachschlie\u00dfsicherheit<\/li>\n<li>Parazentrische Schl\u00fcsselprofile mit sichelf\u00f6rmigen Einschnitten, kontrolliert bis zu 6 Sperrschieberelemente = Aufsperrsicherheit<\/li>\n<li>Seitliche Codierungen kontrolliert durch 2 passive Abtaststifte<\/li>\n<li>Patentierte Sicherheitsabfrage durch eine spezielle Nut am Schl\u00fcssel<\/li>\n<li>Gesch\u00fctztes Schl\u00fcsselprofil mit Sicherungskarte<\/li>\n<li>DIN EN 1303, Verschlusssicherheitsklasse 6<\/li>\n<li>DIN EN 1303, Angriffswiderstandsklasse 0, optional mit Bohrschutz Klasse B\/D und Ziehschutz<\/li>\n<li>Optional DIN-gepr\u00fcft, Klasse 82*, mit Anbohrschutz, wahlweise mit Ziehschutz<\/li>\n<li>Optional VdS-Anerkennung, Klasse B, mit Anbohrschutz, wahlweise mit Ziehschutz<\/li>\n<li>Sehr hoher Schutz gegen Picking durch spezielle Profilausf\u00fchrung und Stiftkombination<\/li>\n<li>Schl\u00fcssel mit eckiger Metallreide und schwarzem Farbpin<\/li>\n<li>Weitere Farbpins optional m\u00f6glich<\/li>\n<li>\n<h3>Hinweis<\/h3>\n<ul>\n<li>* Die Angriffswiderstandsklassen 1 und 2 bzw. A und B bedingen keinen Ziehschutz, wenn der Zylinder mit Anbohrschutz in Kombination mit einem Schutzbeschlag der Klasse ES2 ZA mit Ziehschutz verwendet wird.<\/li>\n<\/ul>\n<\/li>\n<\/ul>\n<p><\/div><\/div>\n<div class=\"su-spoiler su-spoiler-style-fancy su-spoiler-icon-plus su-spoiler-closed\" data-scroll-offset=\"0\" data-anchor-in-url=\"no\"><div class=\"su-spoiler-title\" tabindex=\"0\" role=\"button\"><span class=\"su-spoiler-icon\"><\/span>Downloads<\/div><div class=\"su-spoiler-content su-u-clearfix su-u-trim\"><a href=\"https:\/\/schliessanlagen-saar.de\/wp-content\/uploads\/2020\/01\/Form156_Schliessplanentwurf_0819_RZ.pdf\">Schliessplanentwurf<\/a><\/p>\n<p><a href=\"https:\/\/schliessanlagen-saar.de\/wp-content\/uploads\/2020\/01\/WS8228_0B_mech_Schliessanlage_0319_WEB.pdf\">Brosch\u00fcre Mechanische Schlie\u00dfanlagen<\/a><\/p>\n<p><\/div><\/div>\n<\/div>\n<\/div><\/div><\/div><div id=\"pgc-725-8-1\"  class=\"panel-grid-cell panel-grid-cell-empty\" ><\/div><div id=\"pgc-725-8-2\"  class=\"panel-grid-cell\" ><div id=\"panel-725-8-2-0\" class=\"so-panel widget widget_sow-image panel-first-child\" data-index=\"13\" ><div\n\t\t\t\n\t\t\tclass=\"so-widget-sow-image so-widget-sow-image-default-c67d20f9f743-725\"\n\t\t\t\n\t\t>\n<div class=\"sow-image-container\">\n\t\t<img \n\tsrc=\"https:\/\/schliessanlagen-saar.de\/wp-content\/uploads\/2020\/01\/keso.png\" width=\"125\" height=\"77\" sizes=\"(max-width: 125px) 100vw, 125px\" alt=\"\" \t\tclass=\"so-widget-image\"\/>\n\t<\/div>\n\n<\/div><\/div><div id=\"panel-725-8-2-1\" class=\"so-panel widget widget_sow-headline\" data-index=\"14\" ><div\n\t\t\t\n\t\t\tclass=\"so-widget-sow-headline so-widget-sow-headline-default-af7218374c0c-725\"\n\t\t\t\n\t\t><div class=\"sow-headline-container \">\n\t\t\t\t\t\t<div class=\"decoration\">\n\t\t\t\t\t\t<div class=\"decoration-inside\"><\/div>\n\t\t\t\t\t<\/div>\n\t\t\t\t\t<\/div>\n<\/div><\/div><div id=\"panel-725-8-2-2\" class=\"so-panel widget widget_sow-editor panel-last-child\" data-index=\"15\" ><div\n\t\t\t\n\t\t\tclass=\"so-widget-sow-editor so-widget-sow-editor-base\"\n\t\t\t\n\t\t>\n<div class=\"siteorigin-widget-tinymce textwidget\">\n\t<h1 style=\"text-align: center;\">KESO 8000\u2126<\/h1>\n<p><img loading=\"lazy\" decoding=\"async\" class=\"alignnone wp-image-763 aligncenter\" src=\"https:\/\/schliessanlagen-saar.de\/wp-content\/uploads\/2020\/01\/Zylinder_8000_.jpg\" alt=\"\" width=\"447\" height=\"357\" srcset=\"https:\/\/schliessanlagen-saar.de\/wp-content\/uploads\/2020\/01\/Zylinder_8000_.jpg 1646w, https:\/\/schliessanlagen-saar.de\/wp-content\/uploads\/2020\/01\/Zylinder_8000_-300x239.jpg 300w, https:\/\/schliessanlagen-saar.de\/wp-content\/uploads\/2020\/01\/Zylinder_8000_-1024x817.jpg 1024w, https:\/\/schliessanlagen-saar.de\/wp-content\/uploads\/2020\/01\/Zylinder_8000_-768x613.jpg 768w, https:\/\/schliessanlagen-saar.de\/wp-content\/uploads\/2020\/01\/Zylinder_8000_-1536x1226.jpg 1536w\" sizes=\"auto, (max-width: 447px) 100vw, 447px\" \/><\/p>\n<p>KESO 8000\u00b2\u00a0Zylinder z\u00e4hlen zu den sichersten Zylindern der Welt.<\/p>\n<p>Die Produkte erf\u00fcllen strenge VdS-Normen und sind nach EN 1303 zertifiziert.<\/p>\n<p>Sie sind gegen Abbrechen, Herausziehen und Aufbohren gesch\u00fctzt.<\/p>\n<p>Die Zylinder sind sicher gegen Manipulation, und Schl\u00fcsselkopien ohne Sicherungsschein sind nicht m\u00f6glich.<\/p>\n<p>Genie\u00dfen Sie die Freiheit, sicher zu sein!<\/p>\n<div class=\"su-spoiler su-spoiler-style-fancy su-spoiler-icon-plus su-spoiler-closed\" data-scroll-offset=\"0\" data-anchor-in-url=\"no\"><div class=\"su-spoiler-title\" tabindex=\"0\" role=\"button\"><span class=\"su-spoiler-icon\"><\/span>Produkteigenshaften<\/div><div class=\"su-spoiler-content su-u-clearfix su-u-trim\"><\/p>\n<p><strong>Gebaut nach neuesten Normen<\/strong><\/p>\n<p>Ein durchg\u00e4ngiger Schutz eines Objektes ist sichergestellt, wenn Schl\u00fcssel und Zylinder sowohl patentiert wie auch zer-tifiziert sind. KESO 8000\u03a9\u00b2 Profil-Zylinder entsprechen der Norm nach DIN EN 18252 und sind nach DIN EN 1303*, VdS** und FZG zertifiziert. Alle Zylinder erf\u00fcllen die h\u00f6chsten Anfor-derungen an Betriebs-, Korrosions- und Verschlusssicherheit.* EN 1303:2015-8** VdS 2344:2014-07<\/p>\n<p><strong>Aufbohrschutz als Standard<\/strong><\/p>\n<p>Der KESO 8000\u03a9\u00b2 Profilzylinder ist in der Standardversion nach DIN EN 1303 Widerstandsklasse D oder VdS A gepr\u00fcft. Auf Wunsch bieten wir Ihnen bei VdS einen noch h\u00f6heren Schutz gegen Aufbohren und Herausziehen an \u2013 so wie es Ihren Anforderungen optimal entspricht.<\/p>\n<p><strong>Aktiver Schutz der Schl\u00fcssel<\/strong><\/p>\n<p>Ein Patent allein sch\u00fctzt nicht vor illegalen Schl\u00fcsselkopien, unabh\u00e4ngig davon, ob konventionell oder mit 3-D-Druck kopiert wird. Um illegalen Schl\u00fcsselkopien vorzubeugen, braucht man einen aktiven Kopierschutz in Form eines beweglichen Elementes auf dem Schl\u00fcssel.<\/p>\n<p><\/div><\/div>\n<div class=\"su-spoiler su-spoiler-style-fancy su-spoiler-icon-plus su-spoiler-closed\" data-scroll-offset=\"0\" data-anchor-in-url=\"no\"><div class=\"su-spoiler-title\" tabindex=\"0\" role=\"button\"><span class=\"su-spoiler-icon\"><\/span>Downloads<\/div><div class=\"su-spoiler-content su-u-clearfix su-u-trim\"><\/p>\n<p><a href=\"https:\/\/schliessanlagen-saar.de\/wp-content\/uploads\/2020\/01\/PR.01.125DE_KESO8000_Brosch\u00fcre_0218_RZ.pdf\">PR.01.125DE_KESO8000_Brosch\u00fcre_0218_RZ<\/a><\/p>\n<p><a href=\"https:\/\/schliessanlagen-saar.de\/wp-content\/uploads\/2020\/01\/AA_Brosch_Farbkappen_0218_.pdf\">Brosch\u00fcre Farbkappen<\/a><\/p>\n<p><\/div><\/div>\n<\/div>\n<\/div><\/div><\/div><\/div><\/div><div id=\"pg-725-9\"  class=\"panel-grid panel-has-style\" ><div class=\"lsow-row siteorigin-panels-stretch panel-row-style panel-row-style-for-725-9\" data-stretch-type=\"full-stretched-padded\" ><div id=\"pgc-725-9-0\"  class=\"panel-grid-cell panel-grid-cell-empty\" ><\/div><div id=\"pgc-725-9-1\"  class=\"panel-grid-cell panel-grid-cell-mobile-last\" ><div id=\"panel-725-9-1-0\" class=\"so-panel widget widget_sow-cta panel-first-child panel-last-child\" data-index=\"16\" ><div\n\t\t\t\n\t\t\tclass=\"so-widget-sow-cta so-widget-sow-cta-default-f0185ea650fb-725\"\n\t\t\t\n\t\t><div\n\tclass=\"sow-cta-base\"\n\t>\n\t\n\t<div class=\"sow-cta-wrapper\">\n\n\t\t<div class=\"sow-cta-text\">\n\t\t\t\t\t\t\t<h4 class=\"sow-cta-title\">\n\t\t\t\t\tSie haben Fragen oder ben\u00f6tigen eine Beratung zu Mechanischen Zylindern?\t\t\t\t<\/h4>\n\t\t\t\n\t\t\t\t\t<\/div>\n\n\t\t<div\n\t\t\t\n\t\t\tclass=\"so-widget-sow-button so-widget-sow-button-atom-df8fbad5ec5f\"\n\t\t\t\n\t\t><div class=\"ow-button-base ow-button-align-center\"\n>\n\t\t\t<a\n\t\t\t\t\thref=\"https:\/\/schliessanlagen-saar.de\/?page_id=10\"\n\t\t\t\t\tclass=\"sowb-button ow-icon-placement-left ow-button-hover\" target=\"_blank\" rel=\"noopener noreferrer\" \t>\n\t\t<span>\n\t\t\t\n\t\t\tKontakt\t\t<\/span>\n\t\t\t<\/a>\n\t<\/div>\n<\/div>\n\t<\/div>\n\n\t<\/div>\n<\/div><\/div><\/div><div id=\"pgc-725-9-2\"  class=\"panel-grid-cell panel-grid-cell-empty\" ><\/div><\/div><\/div><\/div>","protected":false},"excerpt":{"rendered":"<p>Mechanische Schlie\u00dfanlagen Mechanische Schlie\u00dfanlagen und Serienschlie\u00dfungen in der \u00dcbersicht Gleichschlie\u00dfungAlle Zylinder werden von dem selben Schl\u00fcssel geschlossen, es gibt nur eine Funktion, da alle Schl\u00fcssel gleich sind. Dies ist die einfachste und h\u00e4ufigste Form. Es k\u00f6nnen jederzeit weitere gleichschlie\u00dfende Zylinder<\/p>\n","protected":false},"author":1,"featured_media":0,"parent":0,"menu_order":0,"comment_status":"closed","ping_status":"closed","template":"page-templates\/full-width.php","meta":{"footnotes":""},"class_list":["post-725","page","type-page","status-publish","hentry"],"_links":{"self":[{"href":"https:\/\/schliessanlagen-saar.de\/index.php?rest_route=\/wp\/v2\/pages\/725","targetHints":{"allow":["GET"]}}],"collection":[{"href":"https:\/\/schliessanlagen-saar.de\/index.php?rest_route=\/wp\/v2\/pages"}],"about":[{"href":"https:\/\/schliessanlagen-saar.de\/index.php?rest_route=\/wp\/v2\/types\/page"}],"author":[{"embeddable":true,"href":"https:\/\/schliessanlagen-saar.de\/index.php?rest_route=\/wp\/v2\/users\/1"}],"replies":[{"embeddable":true,"href":"https:\/\/schliessanlagen-saar.de\/index.php?rest_route=%2Fwp%2Fv2%2Fcomments&post=725"}],"version-history":[{"count":88,"href":"https:\/\/schliessanlagen-saar.de\/index.php?rest_route=\/wp\/v2\/pages\/725\/revisions"}],"predecessor-version":[{"id":1625,"href":"https:\/\/schliessanlagen-saar.de\/index.php?rest_route=\/wp\/v2\/pages\/725\/revisions\/1625"}],"wp:attachment":[{"href":"https:\/\/schliessanlagen-saar.de\/index.php?rest_route=%2Fwp%2Fv2%2Fmedia&parent=725"}],"curies":[{"name":"wp","href":"https:\/\/api.w.org\/{rel}","templated":true}]}}