{"id":327,"date":"2018-09-24T13:14:32","date_gmt":"2018-09-24T13:14:32","guid":{"rendered":"https:\/\/schliessanlagen-saar.de\/?page_id=327"},"modified":"2021-04-21T06:31:54","modified_gmt":"2021-04-21T06:31:54","slug":"rauchmelder-2","status":"publish","type":"page","link":"https:\/\/schliessanlagen-saar.de\/?page_id=327","title":{"rendered":"Rauchmelder"},"content":{"rendered":"<div id=\"pl-327\"  class=\"panel-layout\" ><div id=\"pg-327-0\"  class=\"panel-grid panel-has-style\" ><div class=\"siteorigin-panels-stretch panel-row-style panel-row-style-for-327-0\" data-stretch-type=\"full-stretched-padded\" ><div id=\"pgc-327-0-0\"  class=\"panel-grid-cell panel-grid-cell-empty\" ><\/div><div id=\"pgc-327-0-1\"  class=\"panel-grid-cell panel-grid-cell-mobile-last\" ><div id=\"panel-327-0-1-0\" class=\"so-panel widget widget_sow-image panel-first-child\" data-index=\"0\" ><div\n\t\t\t\n\t\t\tclass=\"so-widget-sow-image so-widget-sow-image-default-334eeca80698-327\"\n\t\t\t\n\t\t>\n<div class=\"sow-image-container\">\n\t\t<img \n\tsrc=\"https:\/\/schliessanlagen-saar.de\/wp-content\/uploads\/2018\/09\/rauchmelder.jpg\" width=\"1100\" height=\"380\" srcset=\"https:\/\/schliessanlagen-saar.de\/wp-content\/uploads\/2018\/09\/rauchmelder.jpg 1100w, https:\/\/schliessanlagen-saar.de\/wp-content\/uploads\/2018\/09\/rauchmelder-300x104.jpg 300w, https:\/\/schliessanlagen-saar.de\/wp-content\/uploads\/2018\/09\/rauchmelder-768x265.jpg 768w, https:\/\/schliessanlagen-saar.de\/wp-content\/uploads\/2018\/09\/rauchmelder-1024x354.jpg 1024w\" sizes=\"(max-width: 1100px) 100vw, 1100px\" alt=\"Rauchmelder\" \t\tclass=\"so-widget-image\"\/>\n\t<\/div>\n\n<\/div><\/div><div id=\"panel-327-0-1-1\" class=\"so-panel widget widget_sow-headline panel-last-child\" data-index=\"1\" ><div\n\t\t\t\n\t\t\tclass=\"so-widget-sow-headline so-widget-sow-headline-default-8f2154d3a3ae-327\"\n\t\t\t\n\t\t><div class=\"sow-headline-container \">\n\t\t\t\t\t\t<div class=\"decoration\">\n\t\t\t\t\t\t<div class=\"decoration-inside\"><\/div>\n\t\t\t\t\t<\/div>\n\t\t\t\t\t<\/div>\n<\/div><\/div><\/div><div id=\"pgc-327-0-2\"  class=\"panel-grid-cell panel-grid-cell-empty\" ><\/div><\/div><\/div><div id=\"pg-327-1\"  class=\"panel-grid panel-has-style\" ><div class=\"siteorigin-panels-stretch panel-row-style panel-row-style-for-327-1\" data-stretch-type=\"full\" ><div id=\"pgc-327-1-0\"  class=\"panel-grid-cell\" ><div id=\"panel-327-1-0-0\" class=\"so-panel widget widget_sow-headline panel-first-child panel-last-child\" data-index=\"2\" ><div\n\t\t\t\n\t\t\tclass=\"so-widget-sow-headline so-widget-sow-headline-default-af7218374c0c-327\"\n\t\t\t\n\t\t><div class=\"sow-headline-container \">\n\t\t\t\t\t\t\t<h2 class=\"sow-headline\">\n\t\t\t\t\t\tRauchmelder\t\t\t\t\t\t<\/h2>\n\t\t\t\t\t\t\t\t\t\t\t<div class=\"decoration\">\n\t\t\t\t\t\t<div class=\"decoration-inside\"><\/div>\n\t\t\t\t\t<\/div>\n\t\t\t\t\t<\/div>\n<\/div><\/div><\/div><\/div><\/div><div id=\"pg-327-2\"  class=\"panel-grid panel-no-style\" ><div id=\"pgc-327-2-0\"  class=\"panel-grid-cell\" ><div id=\"panel-327-2-0-0\" class=\"so-panel widget widget_sow-editor panel-first-child panel-last-child\" data-index=\"3\" ><div\n\t\t\t\n\t\t\tclass=\"so-widget-sow-editor so-widget-sow-editor-base\"\n\t\t\t\n\t\t>\n<div class=\"siteorigin-widget-tinymce textwidget\">\n\t<p><img loading=\"lazy\" decoding=\"async\" class=\"alignnone size-medium wp-image-1408\" src=\"https:\/\/schliessanlagen-saar.de\/wp-content\/uploads\/2021\/04\/EI-300x238.png\" alt=\"\" width=\"300\" height=\"238\" srcset=\"https:\/\/schliessanlagen-saar.de\/wp-content\/uploads\/2021\/04\/EI-300x238.png 300w, https:\/\/schliessanlagen-saar.de\/wp-content\/uploads\/2021\/04\/EI.png 608w\" sizes=\"auto, (max-width: 300px) 100vw, 300px\" \/><\/p>\n<\/div>\n<\/div><\/div><\/div><div id=\"pgc-327-2-1\"  class=\"panel-grid-cell\" ><div id=\"panel-327-2-1-0\" class=\"so-panel widget widget_sow-editor panel-first-child panel-last-child\" data-index=\"4\" ><div\n\t\t\t\n\t\t\tclass=\"so-widget-sow-editor so-widget-sow-editor-base\"\n\t\t\t\n\t\t>\n<div class=\"siteorigin-widget-tinymce textwidget\">\n\t<p>Ein Rauchmelder hilft, Leben zu retten, denn die meisten Brandopfer verungl\u00fccken zu Hause.<br \/>\nBesondere Gefahr geht dabei vor allem vom Rauch aus.<br \/>\nDenn \u00fcber 90 Prozent der Verungl\u00fcckten kommen durch die Folgen einer Rauchvergiftung ums Leben.<br \/>\nRauchmelder bew\u00e4hren sich immer wieder als Lebensretter und helfen beim vorbeugenden Brandschutz.<\/p>\n<p>Besonders nachts droht Gefahr: Am Tage kann ein Feuer in der Regel schnell entdeckt und gel\u00f6scht werden, in der Nacht aber schl\u00e4ft auch der Geruchssinn, so dass den Opfern im Schlaf eine lebensgef\u00e4hrliche Rauchvergiftung droht, ohne dass sie die Brandgase bemerken.<\/p>\n<p>Der deutlich wahrnehmbare Alarm des Rauchmelders jedoch warnt Sie auch im Schlaf zuverl\u00e4ssig vor Feuer und Schwelbr\u00e4nden. Auf diese Weise verschafft er Ihnen einen lebenswichtigen Vorsprung, um sich und Ihre Familie in Sicherheit zu bringen.<\/p>\n<p>Alle Rauchmelder von Ei Professional werden in Europa produziert und einzeln in echtem Rauch getestet, bevor sie das Werk verlassen.<\/p>\n<\/div>\n<\/div><\/div><\/div><\/div><div id=\"pg-327-3\"  class=\"panel-grid panel-no-style\" ><div id=\"pgc-327-3-0\"  class=\"panel-grid-cell\" ><div id=\"panel-327-3-0-0\" class=\"so-panel widget widget_sow-headline panel-first-child\" data-index=\"5\" ><div\n\t\t\t\n\t\t\tclass=\"so-widget-sow-headline so-widget-sow-headline-default-db16a1908776-327\"\n\t\t\t\n\t\t><div class=\"sow-headline-container \">\n\t\t\t\t\t\t\t<h4 class=\"sow-headline\">\n\t\t\t\t\t\tRauchmelder\t\t\t\t\t\t<\/h4>\n\t\t\t\t\t\t\t\t\t\t\t<div class=\"decoration\">\n\t\t\t\t\t\t<div class=\"decoration-inside\"><\/div>\n\t\t\t\t\t<\/div>\n\t\t\t\t\t<\/div>\n<\/div><\/div><div id=\"panel-327-3-0-1\" class=\"so-panel widget widget_sow-editor panel-last-child\" data-index=\"6\" ><div\n\t\t\t\n\t\t\tclass=\"so-widget-sow-editor so-widget-sow-editor-base\"\n\t\t\t\n\t\t>\n<div class=\"siteorigin-widget-tinymce textwidget\">\n\t<p>Rauchmelder k\u00f6nnen einzeln betreiben werden oder auch \u00fcber Funk miteinander vernetzt werden, sodass im Alarmfall ein Melder alle anderen Melder \u00fcber Funk Alarmiert und sich der akustische Alarm so im Ganzen Objekt ausbreiten kann.<\/p>\n<p>&nbsp;<\/p>\n<\/div>\n<\/div><\/div><\/div><div id=\"pgc-327-3-1\"  class=\"panel-grid-cell\" ><div id=\"panel-327-3-1-0\" class=\"so-panel widget widget_sow-headline panel-first-child\" data-index=\"7\" ><div\n\t\t\t\n\t\t\tclass=\"so-widget-sow-headline so-widget-sow-headline-default-db16a1908776-327\"\n\t\t\t\n\t\t><div class=\"sow-headline-container \">\n\t\t\t\t\t\t\t<h4 class=\"sow-headline\">\n\t\t\t\t\t\tKohlenmonoxidmelder\t\t\t\t\t\t<\/h4>\n\t\t\t\t\t\t\t\t\t\t\t<div class=\"decoration\">\n\t\t\t\t\t\t<div class=\"decoration-inside\"><\/div>\n\t\t\t\t\t<\/div>\n\t\t\t\t\t<\/div>\n<\/div><\/div><div id=\"panel-327-3-1-1\" class=\"so-panel widget widget_sow-editor panel-last-child\" data-index=\"8\" ><div\n\t\t\t\n\t\t\tclass=\"so-widget-sow-editor so-widget-sow-editor-base\"\n\t\t\t\n\t\t>\n<div class=\"siteorigin-widget-tinymce textwidget\">\n\t<p>Kohlenmonoxidmelder nutzen einen elektrochemischen Sensor. Der Melder ist \u00fcber Funk mit den anderen Meldern vernetzt, sodass im Alarmfall ein Melder alle anderen Melder alarmiert und sich der akustische Alarm so im Ganzen Objekt ausbreiten kann.<\/p>\n<\/div>\n<\/div><\/div><\/div><div id=\"pgc-327-3-2\"  class=\"panel-grid-cell\" ><div id=\"panel-327-3-2-0\" class=\"so-panel widget widget_sow-headline panel-first-child\" data-index=\"9\" ><div\n\t\t\t\n\t\t\tclass=\"so-widget-sow-headline so-widget-sow-headline-default-db16a1908776-327\"\n\t\t\t\n\t\t><div class=\"sow-headline-container \">\n\t\t\t\t\t\t\t<h4 class=\"sow-headline\">\n\t\t\t\t\t\tHitzewarnmelder\t\t\t\t\t\t<\/h4>\n\t\t\t\t\t\t\t\t\t\t\t<div class=\"decoration\">\n\t\t\t\t\t\t<div class=\"decoration-inside\"><\/div>\n\t\t\t\t\t<\/div>\n\t\t\t\t\t<\/div>\n<\/div><\/div><div id=\"panel-327-3-2-1\" class=\"so-panel widget widget_sow-editor panel-last-child\" data-index=\"10\" ><div\n\t\t\t\n\t\t\tclass=\"so-widget-sow-editor so-widget-sow-editor-base\"\n\t\t\t\n\t\t>\n<div class=\"siteorigin-widget-tinymce textwidget\">\n\t<p>Hitzewarnmelder geben Alarm, wenn die Temperatur am Warnmelder 58 \u00b0C erreicht. Sie werden daher f\u00fcr die Installation in K\u00fcchen, Garagen, Heizungsr\u00e4umen und anderen Bereichen empfohlen, in denen normalerweise ein hohes Aufkommen an D\u00e4mpfen, Rauch oder Staub zu verzeichnen ist. Die Melder sind miteinander vernetzt, sodass im Alarmfall ein Melder alle anderen Melder alarmiert und sich der akustische Alarm so im Ganzen Objekt ausbreiten kann.<\/p>\n<\/div>\n<\/div><\/div><\/div><\/div><div id=\"pg-327-4\"  class=\"panel-grid panel-no-style\" ><div id=\"pgc-327-4-0\"  class=\"panel-grid-cell\" ><div id=\"panel-327-4-0-0\" class=\"so-panel widget widget_sow-editor panel-first-child panel-last-child\" data-index=\"11\" ><div\n\t\t\t\n\t\t\tclass=\"so-widget-sow-editor so-widget-sow-editor-base\"\n\t\t\t\n\t\t>\n<div class=\"siteorigin-widget-tinymce textwidget\">\n\t<div class=\"su-spoiler su-spoiler-style-fancy su-spoiler-icon-plus su-spoiler-closed\" data-scroll-offset=\"0\" data-anchor-in-url=\"no\"><div class=\"su-spoiler-title\" tabindex=\"0\" role=\"button\"><span class=\"su-spoiler-icon\"><\/span>Download Produktbrosch\u00fcre<\/div><div class=\"su-spoiler-content su-u-clearfix su-u-trim\"><\/p>\n<div id=\"start\"><a href=\"https:\/\/schliessanlagen-saar.de\/wp-content\/uploads\/2021\/04\/EiElectronics_Produktbroschuere_i-serie_Rauchwarnmelder.pdf\" target=\"_blank\" rel=\"noopener\"><span id=\"title\">Ei Electronics Produktbrosch\u00fcre Ei650 i-serie Rauchwarnmelder<\/span><\/a><\/div>\n<p><\/div><\/div>\n<\/div>\n<\/div><\/div><\/div><div id=\"pgc-327-4-1\"  class=\"panel-grid-cell\" ><div id=\"panel-327-4-1-0\" class=\"so-panel widget widget_sow-editor panel-first-child panel-last-child\" data-index=\"12\" ><div\n\t\t\t\n\t\t\tclass=\"so-widget-sow-editor so-widget-sow-editor-base\"\n\t\t\t\n\t\t>\n<div class=\"siteorigin-widget-tinymce textwidget\">\n\t<div class=\"su-spoiler su-spoiler-style-fancy su-spoiler-icon-plus su-spoiler-closed\" data-scroll-offset=\"0\" data-anchor-in-url=\"no\"><div class=\"su-spoiler-title\" tabindex=\"0\" role=\"button\"><span class=\"su-spoiler-icon\"><\/span>Download Produktbrosch\u00fcre<\/div><div class=\"su-spoiler-content su-u-clearfix su-u-trim\"><\/p>\n<div id=\"start\"><a href=\"https:\/\/schliessanlagen-saar.de\/wp-content\/uploads\/2021\/04\/EiElectronics_Kohlenmonoxidwarnmelder_Infobroschuere.pdf\" target=\"_blank\" rel=\"noopener\">Ei Electronics Kohlenmonoxidwarnmelder Infobrosch\u00fcre<\/a><\/div>\n<p><\/div><\/div>\n<\/div>\n<\/div><\/div><\/div><div id=\"pgc-327-4-2\"  class=\"panel-grid-cell\" ><div id=\"panel-327-4-2-0\" class=\"so-panel widget widget_sow-editor panel-first-child panel-last-child\" data-index=\"13\" ><div\n\t\t\t\n\t\t\tclass=\"so-widget-sow-editor so-widget-sow-editor-base\"\n\t\t\t\n\t\t>\n<div class=\"siteorigin-widget-tinymce textwidget\">\n\t<div class=\"su-spoiler su-spoiler-style-fancy su-spoiler-icon-plus su-spoiler-closed\" data-scroll-offset=\"0\" data-anchor-in-url=\"no\"><div class=\"su-spoiler-title\" tabindex=\"0\" role=\"button\"><span class=\"su-spoiler-icon\"><\/span>Link zur Produktseite<\/div><div class=\"su-spoiler-content su-u-clearfix su-u-trim\"><\/p>\n<p><a href=\"https:\/\/www.eielectronics.de\/produkte\/waermewarnmelder\" target=\"_blank\" rel=\"noopener\">Ei Electronics Hitzewarnmelder<\/a><\/p>\n<p><\/div><\/div>\n<\/div>\n<\/div><\/div><\/div><\/div><div id=\"pg-327-5\"  class=\"panel-grid panel-has-style\" ><div class=\"lsow-row siteorigin-panels-stretch panel-row-style panel-row-style-for-327-5\" data-stretch-type=\"full-stretched-padded\" ><div id=\"pgc-327-5-0\"  class=\"panel-grid-cell panel-grid-cell-empty\" ><\/div><div id=\"pgc-327-5-1\"  class=\"panel-grid-cell panel-grid-cell-mobile-last\" ><div id=\"panel-327-5-1-0\" class=\"so-panel widget widget_sow-cta panel-first-child panel-last-child\" data-index=\"14\" ><div\n\t\t\t\n\t\t\tclass=\"so-widget-sow-cta so-widget-sow-cta-default-f0185ea650fb-327\"\n\t\t\t\n\t\t><div\n\tclass=\"sow-cta-base\"\n\t>\n\t\n\t<div class=\"sow-cta-wrapper\">\n\n\t\t<div class=\"sow-cta-text\">\n\t\t\t\t\t\t\t<h4 class=\"sow-cta-title\">\n\t\t\t\t\tSie haben Fragen oder ben\u00f6tigen eine Beratung zu Rauchmeldern und Brandschutz ?\t\t\t\t<\/h4>\n\t\t\t\n\t\t\t\t\t<\/div>\n\n\t\t<div\n\t\t\t\n\t\t\tclass=\"so-widget-sow-button so-widget-sow-button-atom-df8fbad5ec5f\"\n\t\t\t\n\t\t><div class=\"ow-button-base ow-button-align-center\"\n>\n\t\t\t<a\n\t\t\t\t\thref=\"https:\/\/schliessanlagen-saar.de\/?page_id=10\"\n\t\t\t\t\tclass=\"sowb-button ow-icon-placement-left ow-button-hover\" target=\"_blank\" rel=\"noopener noreferrer\" \t>\n\t\t<span>\n\t\t\t\n\t\t\tKontakt\t\t<\/span>\n\t\t\t<\/a>\n\t<\/div>\n<\/div>\n\t<\/div>\n\n\t<\/div>\n<\/div><\/div><\/div><div id=\"pgc-327-5-2\"  class=\"panel-grid-cell panel-grid-cell-empty\" ><\/div><\/div><\/div><\/div>","protected":false},"excerpt":{"rendered":"<p>Rauchmelder Ein Rauchmelder hilft, Leben zu retten, denn die meisten Brandopfer verungl\u00fccken zu Hause. Besondere Gefahr geht dabei vor allem vom Rauch aus. Denn \u00fcber 90 Prozent der Verungl\u00fcckten kommen durch die Folgen einer Rauchvergiftung ums Leben. Rauchmelder bew\u00e4hren sich<\/p>\n","protected":false},"author":1,"featured_media":0,"parent":73,"menu_order":0,"comment_status":"closed","ping_status":"closed","template":"","meta":{"footnotes":""},"class_list":["post-327","page","type-page","status-publish","hentry"],"_links":{"self":[{"href":"https:\/\/schliessanlagen-saar.de\/index.php?rest_route=\/wp\/v2\/pages\/327","targetHints":{"allow":["GET"]}}],"collection":[{"href":"https:\/\/schliessanlagen-saar.de\/index.php?rest_route=\/wp\/v2\/pages"}],"about":[{"href":"https:\/\/schliessanlagen-saar.de\/index.php?rest_route=\/wp\/v2\/types\/page"}],"author":[{"embeddable":true,"href":"https:\/\/schliessanlagen-saar.de\/index.php?rest_route=\/wp\/v2\/users\/1"}],"replies":[{"embeddable":true,"href":"https:\/\/schliessanlagen-saar.de\/index.php?rest_route=%2Fwp%2Fv2%2Fcomments&post=327"}],"version-history":[{"count":46,"href":"https:\/\/schliessanlagen-saar.de\/index.php?rest_route=\/wp\/v2\/pages\/327\/revisions"}],"predecessor-version":[{"id":1412,"href":"https:\/\/schliessanlagen-saar.de\/index.php?rest_route=\/wp\/v2\/pages\/327\/revisions\/1412"}],"up":[{"embeddable":true,"href":"https:\/\/schliessanlagen-saar.de\/index.php?rest_route=\/wp\/v2\/pages\/73"}],"wp:attachment":[{"href":"https:\/\/schliessanlagen-saar.de\/index.php?rest_route=%2Fwp%2Fv2%2Fmedia&parent=327"}],"curies":[{"name":"wp","href":"https:\/\/api.w.org\/{rel}","templated":true}]}}