{"id":306,"date":"2018-09-24T12:47:49","date_gmt":"2018-09-24T12:47:49","guid":{"rendered":"https:\/\/schliessanlagen-saar.de\/?page_id=306"},"modified":"2021-04-27T14:28:09","modified_gmt":"2021-04-27T14:28:09","slug":"fenster-und-tuersicherheit","status":"publish","type":"page","link":"https:\/\/schliessanlagen-saar.de\/?page_id=306","title":{"rendered":"Fenster und T\u00fcrsicherheit"},"content":{"rendered":"<div id=\"pl-306\"  class=\"panel-layout\" ><div id=\"pg-306-0\"  class=\"panel-grid panel-has-style\" ><div class=\"siteorigin-panels-stretch panel-row-style panel-row-style-for-306-0\" data-stretch-type=\"full-stretched-padded\" ><div id=\"pgc-306-0-0\"  class=\"panel-grid-cell panel-grid-cell-empty\" ><\/div><div id=\"pgc-306-0-1\"  class=\"panel-grid-cell panel-grid-cell-mobile-last\" ><div id=\"panel-306-0-1-0\" class=\"so-panel widget widget_sow-image panel-first-child\" data-index=\"0\" ><div\n\t\t\t\n\t\t\tclass=\"so-widget-sow-image so-widget-sow-image-default-334eeca80698-306\"\n\t\t\t\n\t\t>\n<div class=\"sow-image-container\">\n\t\t<img \n\tsrc=\"https:\/\/schliessanlagen-saar.de\/wp-content\/uploads\/2018\/09\/das-sichere-haus-1.jpg\" width=\"1100\" height=\"380\" srcset=\"https:\/\/schliessanlagen-saar.de\/wp-content\/uploads\/2018\/09\/das-sichere-haus-1.jpg 1100w, https:\/\/schliessanlagen-saar.de\/wp-content\/uploads\/2018\/09\/das-sichere-haus-1-300x104.jpg 300w, https:\/\/schliessanlagen-saar.de\/wp-content\/uploads\/2018\/09\/das-sichere-haus-1-768x265.jpg 768w, https:\/\/schliessanlagen-saar.de\/wp-content\/uploads\/2018\/09\/das-sichere-haus-1-1024x354.jpg 1024w\" sizes=\"(max-width: 1100px) 100vw, 1100px\" alt=\"Fenster und T\u00fcrsicherheit\" \t\tclass=\"so-widget-image\"\/>\n\t<\/div>\n\n<\/div><\/div><div id=\"panel-306-0-1-1\" class=\"so-panel widget widget_sow-headline panel-last-child\" data-index=\"1\" ><div\n\t\t\t\n\t\t\tclass=\"so-widget-sow-headline so-widget-sow-headline-default-8f2154d3a3ae-306\"\n\t\t\t\n\t\t><div class=\"sow-headline-container \">\n\t\t\t\t\t\t<div class=\"decoration\">\n\t\t\t\t\t\t<div class=\"decoration-inside\"><\/div>\n\t\t\t\t\t<\/div>\n\t\t\t\t\t<\/div>\n<\/div><\/div><\/div><div id=\"pgc-306-0-2\"  class=\"panel-grid-cell panel-grid-cell-empty\" ><\/div><\/div><\/div><div id=\"pg-306-1\"  class=\"panel-grid panel-no-style\" ><div id=\"pgc-306-1-0\"  class=\"panel-grid-cell\" ><div id=\"panel-306-1-0-0\" class=\"so-panel widget widget_sow-editor panel-first-child panel-last-child\" data-index=\"2\" ><div\n\t\t\t\n\t\t\tclass=\"so-widget-sow-editor so-widget-sow-editor-base\"\n\t\t\t\n\t\t>\n<div class=\"siteorigin-widget-tinymce textwidget\">\n\t<div class=\"su-spacer\" style=\"height:100px\"><\/div>\n<\/div>\n<\/div><\/div><\/div><\/div><div id=\"pg-306-2\"  class=\"panel-grid panel-no-style\" ><div id=\"pgc-306-2-0\"  class=\"panel-grid-cell\" ><div id=\"panel-306-2-0-0\" class=\"so-panel widget widget_sow-headline panel-first-child panel-last-child\" data-index=\"3\" ><div\n\t\t\t\n\t\t\tclass=\"so-widget-sow-headline so-widget-sow-headline-default-af7218374c0c-306\"\n\t\t\t\n\t\t><div class=\"sow-headline-container \">\n\t\t\t\t\t\t\t<h2 class=\"sow-headline\">\n\t\t\t\t\t\tZusatzsicherungen f\u00fcr Fenster und T\u00fcren\t\t\t\t\t\t<\/h2>\n\t\t\t\t\t\t\t\t\t\t\t<div class=\"decoration\">\n\t\t\t\t\t\t<div class=\"decoration-inside\"><\/div>\n\t\t\t\t\t<\/div>\n\t\t\t\t\t<\/div>\n<\/div><\/div><\/div><\/div><div id=\"pg-306-3\"  class=\"panel-grid panel-no-style\" ><div id=\"pgc-306-3-0\"  class=\"panel-grid-cell\" ><div id=\"panel-306-3-0-0\" class=\"so-panel widget widget_sow-image panel-first-child panel-last-child\" data-index=\"4\" ><div\n\t\t\t\n\t\t\tclass=\"so-widget-sow-image so-widget-sow-image-default-113ccd71f3e6-306\"\n\t\t\t\n\t\t>\n<div class=\"sow-image-container\">\n\t\t<img \n\tsrc=\"https:\/\/schliessanlagen-saar.de\/wp-content\/uploads\/2018\/09\/Bildschirmfoto-2018-09-30-um-09.55.40.png\" width=\"730\" height=\"1542\" srcset=\"https:\/\/schliessanlagen-saar.de\/wp-content\/uploads\/2018\/09\/Bildschirmfoto-2018-09-30-um-09.55.40.png 730w, https:\/\/schliessanlagen-saar.de\/wp-content\/uploads\/2018\/09\/Bildschirmfoto-2018-09-30-um-09.55.40-142x300.png 142w, https:\/\/schliessanlagen-saar.de\/wp-content\/uploads\/2018\/09\/Bildschirmfoto-2018-09-30-um-09.55.40-485x1024.png 485w\" sizes=\"(max-width: 730px) 100vw, 730px\" title=\"Bildschirmfoto 2018-09-30 um 09.55.40\" alt=\"fenstersicherungen\" \t\tclass=\"so-widget-image\"\/>\n\t<\/div>\n\n<\/div><\/div><\/div><div id=\"pgc-306-3-1\"  class=\"panel-grid-cell\" ><div id=\"panel-306-3-1-0\" class=\"so-panel widget widget_sow-editor panel-first-child panel-last-child\" data-index=\"5\" ><div\n\t\t\t\n\t\t\tclass=\"so-widget-sow-editor so-widget-sow-editor-base\"\n\t\t\t\n\t\t>\n<div class=\"siteorigin-widget-tinymce textwidget\">\n\t<p class=\"highlighted\">Die Saarbr\u00fccker Schl\u00fcsseldienst GmbH ist der f\u00fchrende Dienstleister f\u00fcr alle Fragen der Immobiliensicherheit. Im Zentrum unserer Services steht dabei das sichere Haus. Dabei bieten wir Ihnen alles, was Sie brauchen, um Ihr Eigentum zu sch\u00fctzen.<\/p>\n<p>F\u00fcr Geb\u00e4udeeigent\u00fcmer, Betreiber von Einrichtungen oder Architekten bieten wir komplexe Sicherheitsl\u00f6sungen an. Zu unseren Kunden z\u00e4hlen Industrie und Gewerbe, Beh\u00f6rden, Polizei, Gerichte, Gerichtsvollzieher sowie Privatpersonen.<\/p>\n<p>Nutzen Sie unsere langj\u00e4hrigen Erfahrungen im Umgang mit mechanischen und elektronischen Schlie\u00dfsystemen sowie Sicherheitsprodukten aller Art.<\/p>\n<p><strong>Wir sind Facherrichter f\u00fcr mechanische und mechatronische Fenster und T\u00fcrsicherungen.<\/strong><\/p>\n<p>In unserem Ausstellungsraum -in Saarbr\u00fccken St. Arnual- haben wir alle g\u00e4ngigen Fenster- und T\u00fcrsicherungen auch zum Testen ausgestellt. Besuchen Sie uns und lassen sich von unserem geschultem Personal individuell beraten!<\/p>\n<\/div>\n<\/div><\/div><\/div><\/div><div id=\"pg-306-4\"  class=\"panel-grid panel-no-style\" ><div id=\"pgc-306-4-0\"  class=\"panel-grid-cell\" ><div id=\"panel-306-4-0-0\" class=\"so-panel widget widget_sow-editor panel-first-child panel-last-child\" data-index=\"6\" ><div\n\t\t\t\n\t\t\tclass=\"so-widget-sow-editor so-widget-sow-editor-base\"\n\t\t\t\n\t\t>\n<div class=\"siteorigin-widget-tinymce textwidget\">\n\t<div class=\"su-spacer\" style=\"height:100px\"><\/div>\n<\/div>\n<\/div><\/div><\/div><\/div><div id=\"pg-306-5\"  class=\"panel-grid panel-no-style\" ><div id=\"pgc-306-5-0\"  class=\"panel-grid-cell\" ><div id=\"panel-306-5-0-0\" class=\"so-panel widget widget_sow-headline panel-first-child\" data-index=\"7\" ><div\n\t\t\t\n\t\t\tclass=\"so-widget-sow-headline so-widget-sow-headline-default-db16a1908776-306\"\n\t\t\t\n\t\t><div class=\"sow-headline-container \">\n\t\t\t\t\t\t\t<h4 class=\"sow-headline\">\n\t\t\t\t\t\tFenstersicherheit\t\t\t\t\t\t<\/h4>\n\t\t\t\t\t\t\t\t\t\t\t<div class=\"decoration\">\n\t\t\t\t\t\t<div class=\"decoration-inside\"><\/div>\n\t\t\t\t\t<\/div>\n\t\t\t\t\t<\/div>\n<\/div><\/div><div id=\"panel-306-5-0-1\" class=\"so-panel widget widget_sow-editor panel-last-child\" data-index=\"8\" ><div\n\t\t\t\n\t\t\tclass=\"so-widget-sow-editor so-widget-sow-editor-base\"\n\t\t\t\n\t\t>\n<div class=\"siteorigin-widget-tinymce textwidget\">\n\t<div id=\"f26ba4b9acca5d2bc\" class=\"panel-collapse collapse in\">\n<div class=\"panel-body toggle-content\">\n<div class=\"c12\">\n<div class=\"su-spoiler su-spoiler-style-fancy su-spoiler-icon-plus su-spoiler-closed\" data-scroll-offset=\"0\" data-anchor-in-url=\"no\"><div class=\"su-spoiler-title\" tabindex=\"0\" role=\"button\"><span class=\"su-spoiler-icon\"><\/span>Erkl\u00e4rung<\/div><div class=\"su-spoiler-content su-u-clearfix su-u-trim\"><\/p>\n<p>Haupts\u00e4chlich Fenster- und Fenstert\u00fcren werden bevorzugt von Einbrechern attackiert. Gerade deshalb haben wir hier besondere Nachr\u00fcstprodukte zur Fenstersicherheit von Abus.<\/p>\n<p>Sowohl in gekipptem als auch in geschlossenem Zustand stellt ein handels\u00fcbliches Fenster kein besonderes Hindernis f\u00fcr einen Einbrecher dar. Dagegen kann man aber etwas tun, Nachr\u00fcst- Fenstersicherungen bieten gen\u00fcgend Widerstand. Richtig\u00a0 montiert halten diese \u00fcber 1Tonne und machen das Aufhebeln von Fenster und Balkont\u00fcren somit fast unm\u00f6glich.<\/div><\/div>\n<div id=\"f26ba4b9acca5d2bc\" class=\"panel-collapse collapse in\">\n<div class=\"panel-body toggle-content\">\n<div class=\"c12\">\n<div class=\"su-spoiler su-spoiler-style-fancy su-spoiler-icon-plus su-spoiler-closed\" data-scroll-offset=\"0\" data-anchor-in-url=\"no\"><div class=\"su-spoiler-title\" tabindex=\"0\" role=\"button\"><span class=\"su-spoiler-icon\"><\/span>Sicherungen<\/div><div class=\"su-spoiler-content su-u-clearfix su-u-trim\"><a href=\"https:\/\/schliessanlagen-saar.de\/wp-content\/uploads\/2018\/09\/fenstersicherungen.jpg\"><img loading=\"lazy\" decoding=\"async\" class=\"alignnone wp-image-100 size-full\" src=\"https:\/\/schliessanlagen-saar.de\/wp-content\/uploads\/2018\/09\/fenstersicherungen.jpg\" alt=\"Fenstersicherungen\" width=\"584\" height=\"549\" srcset=\"https:\/\/schliessanlagen-saar.de\/wp-content\/uploads\/2018\/09\/fenstersicherungen.jpg 584w, https:\/\/schliessanlagen-saar.de\/wp-content\/uploads\/2018\/09\/fenstersicherungen-300x282.jpg 300w\" sizes=\"auto, (max-width: 584px) 100vw, 584px\" \/><\/a><\/div><\/div>\n<\/div>\n<\/div>\n<\/div>\n<\/div>\n<\/div>\n<\/div>\n<\/div>\n<\/div><\/div><\/div><div id=\"pgc-306-5-1\"  class=\"panel-grid-cell\" ><div id=\"panel-306-5-1-0\" class=\"so-panel widget widget_sow-headline panel-first-child\" data-index=\"9\" ><div\n\t\t\t\n\t\t\tclass=\"so-widget-sow-headline so-widget-sow-headline-default-db16a1908776-306\"\n\t\t\t\n\t\t><div class=\"sow-headline-container \">\n\t\t\t\t\t\t\t<h4 class=\"sow-headline\">\n\t\t\t\t\t\tT\u00fcrsicherheit\t\t\t\t\t\t<\/h4>\n\t\t\t\t\t\t\t\t\t\t\t<div class=\"decoration\">\n\t\t\t\t\t\t<div class=\"decoration-inside\"><\/div>\n\t\t\t\t\t<\/div>\n\t\t\t\t\t<\/div>\n<\/div><\/div><div id=\"panel-306-5-1-1\" class=\"so-panel widget widget_sow-editor panel-last-child\" data-index=\"10\" ><div\n\t\t\t\n\t\t\tclass=\"so-widget-sow-editor so-widget-sow-editor-base\"\n\t\t\t\n\t\t>\n<div class=\"siteorigin-widget-tinymce textwidget\">\n\t<div class=\"su-spoiler su-spoiler-style-fancy su-spoiler-icon-plus su-spoiler-closed\" data-scroll-offset=\"0\" data-anchor-in-url=\"no\"><div class=\"su-spoiler-title\" tabindex=\"0\" role=\"button\"><span class=\"su-spoiler-icon\"><\/span>Erkl\u00e4rung<\/div><div class=\"su-spoiler-content su-u-clearfix su-u-trim\">Um Ihre T\u00fcr und damit Heim und Familie gegen Einbruch zu sch\u00fctzen, sollten Sie in die Sicherheit Ihrer T\u00fcr investieren. Mit zus\u00e4tzlichen T\u00fcrsicherungen \u2013 wie einem T\u00fcrschloss \u2013 sowie den Basiselementen erh\u00f6hen Sie Ihre Sicherheit effektiv. Der mechanische Grundschutz wird durch die fachgerechte Montage von einem zus\u00e4tzlichen T\u00fcrschloss wie einem Panzerriegelschloss oder alternativ einem T\u00fcr-Zusatzschloss und Scharnierseitensicherungen erreicht. Voraussetzung ist eine ausreichende Stabilit\u00e4t der T\u00fcrkonstruktion.<\/div><\/div>\n<div class=\"su-spoiler su-spoiler-style-fancy su-spoiler-icon-plus su-spoiler-closed\" data-scroll-offset=\"0\" data-anchor-in-url=\"no\"><div class=\"su-spoiler-title\" tabindex=\"0\" role=\"button\"><span class=\"su-spoiler-icon\"><\/span>Sicherungen<\/div><div class=\"su-spoiler-content su-u-clearfix su-u-trim\"><a href=\"https:\/\/schliessanlagen-saar.de\/wp-content\/uploads\/2018\/09\/T\u00fcrsichertungen.jpg\"><img loading=\"lazy\" decoding=\"async\" class=\"alignnone wp-image-101 size-full\" src=\"https:\/\/schliessanlagen-saar.de\/wp-content\/uploads\/2018\/09\/T\u00fcrsichertungen.jpg\" alt=\"T\u00fcrsicherheit\" width=\"526\" height=\"486\" srcset=\"https:\/\/schliessanlagen-saar.de\/wp-content\/uploads\/2018\/09\/T\u00fcrsichertungen.jpg 526w, https:\/\/schliessanlagen-saar.de\/wp-content\/uploads\/2018\/09\/T\u00fcrsichertungen-300x277.jpg 300w\" sizes=\"auto, (max-width: 526px) 100vw, 526px\" \/><\/a><\/div><\/div>\n<p>&nbsp;<\/p>\n<\/div>\n<\/div><\/div><\/div><\/div><div id=\"pg-306-6\"  class=\"panel-grid panel-has-style\" ><div class=\"lsow-row siteorigin-panels-stretch panel-row-style panel-row-style-for-306-6\" data-stretch-type=\"full-stretched-padded\" ><div id=\"pgc-306-6-0\"  class=\"panel-grid-cell panel-grid-cell-empty\" ><\/div><div id=\"pgc-306-6-1\"  class=\"panel-grid-cell panel-grid-cell-mobile-last\" ><div id=\"panel-306-6-1-0\" class=\"so-panel widget widget_sow-cta panel-first-child panel-last-child\" data-index=\"11\" ><div\n\t\t\t\n\t\t\tclass=\"so-widget-sow-cta so-widget-sow-cta-default-a13efc6e93b4-306\"\n\t\t\t\n\t\t><div\n\tclass=\"sow-cta-base\"\n\t>\n\t\n\t<div class=\"sow-cta-wrapper\">\n\n\t\t<div class=\"sow-cta-text\">\n\t\t\t\t\t\t\t<h4 class=\"sow-cta-title\">\n\t\t\t\t\tSie haben Fragen oder ben\u00f6tigen eine Beratung zu Fenster und T\u00fcrabsicherungen ?\t\t\t\t<\/h4>\n\t\t\t\n\t\t\t\t\t<\/div>\n\n\t\t<div\n\t\t\t\n\t\t\tclass=\"so-widget-sow-button so-widget-sow-button-atom-df8fbad5ec5f\"\n\t\t\t\n\t\t><div class=\"ow-button-base ow-button-align-center\"\n>\n\t\t\t<a\n\t\t\t\t\thref=\"https:\/\/schliessanlagen-saar.de\/?page_id=10\"\n\t\t\t\t\tclass=\"sowb-button ow-icon-placement-left ow-button-hover\" target=\"_blank\" rel=\"noopener noreferrer\" \t>\n\t\t<span>\n\t\t\t\n\t\t\tKontakt\t\t<\/span>\n\t\t\t<\/a>\n\t<\/div>\n<\/div>\n\t<\/div>\n\n\t<\/div>\n<\/div><\/div><\/div><div id=\"pgc-306-6-2\"  class=\"panel-grid-cell panel-grid-cell-empty\" ><\/div><\/div><\/div><\/div>","protected":false},"excerpt":{"rendered":"<p>Zusatzsicherungen f\u00fcr Fenster und T\u00fcren Die Saarbr\u00fccker Schl\u00fcsseldienst GmbH ist der f\u00fchrende Dienstleister f\u00fcr alle Fragen der Immobiliensicherheit. Im Zentrum unserer Services steht dabei das sichere Haus. Dabei bieten wir Ihnen alles, was Sie brauchen, um Ihr Eigentum zu sch\u00fctzen.<\/p>\n","protected":false},"author":1,"featured_media":0,"parent":73,"menu_order":0,"comment_status":"closed","ping_status":"closed","template":"","meta":{"footnotes":""},"class_list":["post-306","page","type-page","status-publish","hentry"],"_links":{"self":[{"href":"https:\/\/schliessanlagen-saar.de\/index.php?rest_route=\/wp\/v2\/pages\/306","targetHints":{"allow":["GET"]}}],"collection":[{"href":"https:\/\/schliessanlagen-saar.de\/index.php?rest_route=\/wp\/v2\/pages"}],"about":[{"href":"https:\/\/schliessanlagen-saar.de\/index.php?rest_route=\/wp\/v2\/types\/page"}],"author":[{"embeddable":true,"href":"https:\/\/schliessanlagen-saar.de\/index.php?rest_route=\/wp\/v2\/users\/1"}],"replies":[{"embeddable":true,"href":"https:\/\/schliessanlagen-saar.de\/index.php?rest_route=%2Fwp%2Fv2%2Fcomments&post=306"}],"version-history":[{"count":32,"href":"https:\/\/schliessanlagen-saar.de\/index.php?rest_route=\/wp\/v2\/pages\/306\/revisions"}],"predecessor-version":[{"id":1602,"href":"https:\/\/schliessanlagen-saar.de\/index.php?rest_route=\/wp\/v2\/pages\/306\/revisions\/1602"}],"up":[{"embeddable":true,"href":"https:\/\/schliessanlagen-saar.de\/index.php?rest_route=\/wp\/v2\/pages\/73"}],"wp:attachment":[{"href":"https:\/\/schliessanlagen-saar.de\/index.php?rest_route=%2Fwp%2Fv2%2Fmedia&parent=306"}],"curies":[{"name":"wp","href":"https:\/\/api.w.org\/{rel}","templated":true}]}}