{"id":1418,"date":"2021-04-21T06:47:02","date_gmt":"2021-04-21T06:47:02","guid":{"rendered":"https:\/\/schliessanlagen-saar.de\/?page_id=1418"},"modified":"2021-04-21T12:09:41","modified_gmt":"2021-04-21T12:09:41","slug":"briefkaesten","status":"publish","type":"page","link":"https:\/\/schliessanlagen-saar.de\/?page_id=1418","title":{"rendered":"Briefk\u00e4sten"},"content":{"rendered":"<div id=\"pl-1418\"  class=\"panel-layout\" ><div id=\"pg-1418-0\"  class=\"panel-grid panel-has-style\" ><div class=\"siteorigin-panels-stretch panel-row-style panel-row-style-for-1418-0\" data-stretch-type=\"full-stretched-padded\" ><div id=\"pgc-1418-0-0\"  class=\"panel-grid-cell panel-grid-cell-empty\" ><\/div><div id=\"pgc-1418-0-1\"  class=\"panel-grid-cell panel-grid-cell-mobile-last\" ><div id=\"panel-1418-0-1-0\" class=\"so-panel widget widget_sow-headline panel-first-child\" data-index=\"0\" ><div\n\t\t\t\n\t\t\tclass=\"so-widget-sow-headline so-widget-sow-headline-default-3c411ab1a6dc-1418\"\n\t\t\t\n\t\t><div class=\"sow-headline-container \">\n\t\t\t\t\t\t<div class=\"decoration\">\n\t\t\t\t\t\t<div class=\"decoration-inside\"><\/div>\n\t\t\t\t\t<\/div>\n\t\t\t\t\t<\/div>\n<\/div><\/div><div id=\"panel-1418-0-1-1\" class=\"so-panel widget widget_sow-image\" data-index=\"1\" ><div\n\t\t\t\n\t\t\tclass=\"so-widget-sow-image so-widget-sow-image-default-334eeca80698-1418\"\n\t\t\t\n\t\t>\n<div class=\"sow-image-container\">\n\t\t<img \n\tsrc=\"https:\/\/schliessanlagen-saar.de\/wp-content\/uploads\/2018\/09\/Briefkasten.jpg\" width=\"1100\" height=\"380\" srcset=\"https:\/\/schliessanlagen-saar.de\/wp-content\/uploads\/2018\/09\/Briefkasten.jpg 1100w, https:\/\/schliessanlagen-saar.de\/wp-content\/uploads\/2018\/09\/Briefkasten-300x104.jpg 300w, https:\/\/schliessanlagen-saar.de\/wp-content\/uploads\/2018\/09\/Briefkasten-768x265.jpg 768w, https:\/\/schliessanlagen-saar.de\/wp-content\/uploads\/2018\/09\/Briefkasten-1024x354.jpg 1024w\" sizes=\"(max-width: 1100px) 100vw, 1100px\" alt=\"Briefk\u00e4sten\" \t\tclass=\"so-widget-image\"\/>\n\t<\/div>\n\n<\/div><\/div><div id=\"panel-1418-0-1-2\" class=\"so-panel widget widget_sow-headline panel-last-child\" data-index=\"2\" ><div\n\t\t\t\n\t\t\tclass=\"so-widget-sow-headline so-widget-sow-headline-default-8f2154d3a3ae-1418\"\n\t\t\t\n\t\t><div class=\"sow-headline-container \">\n\t\t\t\t\t\t<div class=\"decoration\">\n\t\t\t\t\t\t<div class=\"decoration-inside\"><\/div>\n\t\t\t\t\t<\/div>\n\t\t\t\t\t<\/div>\n<\/div><\/div><\/div><div id=\"pgc-1418-0-2\"  class=\"panel-grid-cell panel-grid-cell-empty\" ><\/div><\/div><\/div><div id=\"pg-1418-1\"  class=\"panel-grid panel-has-style\" ><div class=\"siteorigin-panels-stretch panel-row-style panel-row-style-for-1418-1\" data-stretch-type=\"full\" ><div id=\"pgc-1418-1-0\"  class=\"panel-grid-cell\" ><div id=\"panel-1418-1-0-0\" class=\"so-panel widget widget_sow-headline panel-first-child panel-last-child\" data-index=\"3\" ><div\n\t\t\t\n\t\t\tclass=\"so-widget-sow-headline so-widget-sow-headline-default-af7218374c0c-1418\"\n\t\t\t\n\t\t><div class=\"sow-headline-container \">\n\t\t\t\t\t\t\t<h2 class=\"sow-headline\">\n\t\t\t\t\t\tBriefk\u00e4sten\t\t\t\t\t\t<\/h2>\n\t\t\t\t\t\t\t\t\t\t\t<div class=\"decoration\">\n\t\t\t\t\t\t<div class=\"decoration-inside\"><\/div>\n\t\t\t\t\t<\/div>\n\t\t\t\t\t<\/div>\n<\/div><\/div><\/div><\/div><\/div><div id=\"pg-1418-2\"  class=\"panel-grid panel-no-style\" ><div id=\"pgc-1418-2-0\"  class=\"panel-grid-cell\" ><div id=\"panel-1418-2-0-0\" class=\"so-panel widget widget_sow-editor panel-first-child panel-last-child\" data-index=\"4\" ><div\n\t\t\t\n\t\t\tclass=\"so-widget-sow-editor so-widget-sow-editor-base\"\n\t\t\t\n\t\t>\n<div class=\"siteorigin-widget-tinymce textwidget\">\n\t<p><img loading=\"lazy\" decoding=\"async\" class=\"alignnone size-medium wp-image-1436\" src=\"https:\/\/schliessanlagen-saar.de\/wp-content\/uploads\/2021\/04\/Briefkasten-244x300.png\" alt=\"\" width=\"244\" height=\"300\" srcset=\"https:\/\/schliessanlagen-saar.de\/wp-content\/uploads\/2021\/04\/Briefkasten-244x300.png 244w, https:\/\/schliessanlagen-saar.de\/wp-content\/uploads\/2021\/04\/Briefkasten.png 402w\" sizes=\"auto, (max-width: 244px) 100vw, 244px\" \/><\/p>\n<\/div>\n<\/div><\/div><\/div><div id=\"pgc-1418-2-1\"  class=\"panel-grid-cell\" ><div id=\"panel-1418-2-1-0\" class=\"so-panel widget widget_sow-editor panel-first-child panel-last-child\" data-index=\"5\" ><div\n\t\t\t\n\t\t\tclass=\"so-widget-sow-editor so-widget-sow-editor-base\"\n\t\t\t\n\t\t>\n<div class=\"siteorigin-widget-tinymce textwidget\">\n\t<p>Ob Sonne, Regen oder Staub: Ein Briefkasten muss \u00fcber die Jahre einiges aushalten. Daher bieten wir Ihnen als Fachh\u00e4ndler qualitativ hochwertige Briefk\u00e4sten an. Die Qualit\u00e4t und die Langlebigkeit unserer Produkte stehen dabei im Vordergrund.<br \/>\nBunt oder gl\u00e4nzend, f\u00fcr die Wand, den Zaun oder als Standmodell, mit oder ohne Zeitungsrolle. F\u00fcr ein Mietobjekt oder ein Einfamilienhaus. Bei unserer gro\u00dfen Auswahl findet jeder den passenden Briefkasten.<br \/>\nBriefk\u00e4sten sind Designobjekte, die das Erscheinungsbild Ihres Objektes aufwerten.<\/p>\n<\/div>\n<\/div><\/div><\/div><\/div><div id=\"pg-1418-3\"  class=\"panel-grid panel-no-style\" ><div id=\"pgc-1418-3-0\"  class=\"panel-grid-cell\" ><div id=\"panel-1418-3-0-0\" class=\"so-panel widget widget_sow-headline panel-first-child\" data-index=\"6\" ><div\n\t\t\t\n\t\t\tclass=\"so-widget-sow-headline so-widget-sow-headline-default-db16a1908776-1418\"\n\t\t\t\n\t\t><div class=\"sow-headline-container \">\n\t\t\t\t\t\t\t<h4 class=\"sow-headline\">\n\t\t\t\t\t\tEdelstahl Briefkasten\t\t\t\t\t\t<\/h4>\n\t\t\t\t\t\t\t\t\t\t\t<div class=\"decoration\">\n\t\t\t\t\t\t<div class=\"decoration-inside\"><\/div>\n\t\t\t\t\t<\/div>\n\t\t\t\t\t<\/div>\n<\/div><\/div><div id=\"panel-1418-3-0-1\" class=\"so-panel widget widget_sow-editor panel-last-child\" data-index=\"7\" ><div\n\t\t\t\n\t\t\tclass=\"so-widget-sow-editor so-widget-sow-editor-base\"\n\t\t\t\n\t\t>\n<div class=\"siteorigin-widget-tinymce textwidget\">\n\t<p>Gl\u00e4nzend, rostfrei und einfach sch\u00f6n\u2013 Ein Edelstahl-Briefkasten ist ein echter Hingucker. Und das f\u00fcr viele Jahre. Denn Edelstahl ist sehr langlebig und pflegeleicht.<\/p>\n<p>&nbsp;<\/p>\n<\/div>\n<\/div><\/div><\/div><div id=\"pgc-1418-3-1\"  class=\"panel-grid-cell panel-grid-cell-mobile-last\" ><div id=\"panel-1418-3-1-0\" class=\"so-panel widget widget_sow-headline panel-first-child\" data-index=\"8\" ><div\n\t\t\t\n\t\t\tclass=\"so-widget-sow-headline so-widget-sow-headline-default-db16a1908776-1418\"\n\t\t\t\n\t\t><div class=\"sow-headline-container \">\n\t\t\t\t\t\t\t<h4 class=\"sow-headline\">\n\t\t\t\t\t\tKunststoff Briefkasten\t\t\t\t\t\t<\/h4>\n\t\t\t\t\t\t\t\t\t\t\t<div class=\"decoration\">\n\t\t\t\t\t\t<div class=\"decoration-inside\"><\/div>\n\t\t\t\t\t<\/div>\n\t\t\t\t\t<\/div>\n<\/div><\/div><div id=\"panel-1418-3-1-1\" class=\"so-panel widget widget_sow-editor panel-last-child\" data-index=\"9\" ><div\n\t\t\t\n\t\t\tclass=\"so-widget-sow-editor so-widget-sow-editor-base\"\n\t\t\t\n\t\t>\n<div class=\"siteorigin-widget-tinymce textwidget\">\n\t<p>Ein Briefkasten aus Kunststoff vereint modernes Design mit durchdachter Funktionalit\u00e4t und enormer Langlebigkeit.<\/p>\n<\/div>\n<\/div><\/div><\/div><div id=\"pgc-1418-3-2\"  class=\"panel-grid-cell panel-grid-cell-empty\" ><\/div><\/div><div id=\"pg-1418-4\"  class=\"panel-grid panel-no-style\" ><div id=\"pgc-1418-4-0\"  class=\"panel-grid-cell\" ><div id=\"panel-1418-4-0-0\" class=\"so-panel widget widget_sow-headline panel-first-child\" data-index=\"10\" ><div\n\t\t\t\n\t\t\tclass=\"so-widget-sow-headline so-widget-sow-headline-default-db16a1908776-1418\"\n\t\t\t\n\t\t><div class=\"sow-headline-container \">\n\t\t\t\t\t\t\t<h4 class=\"sow-headline\">\n\t\t\t\t\t\tBriefkastenanlage\t\t\t\t\t\t<\/h4>\n\t\t\t\t\t\t\t\t\t\t\t<div class=\"decoration\">\n\t\t\t\t\t\t<div class=\"decoration-inside\"><\/div>\n\t\t\t\t\t<\/div>\n\t\t\t\t\t<\/div>\n<\/div><\/div><div id=\"panel-1418-4-0-1\" class=\"so-panel widget widget_sow-editor panel-last-child\" data-index=\"11\" ><div\n\t\t\t\n\t\t\tclass=\"so-widget-sow-editor so-widget-sow-editor-base\"\n\t\t\t\n\t\t>\n<div class=\"siteorigin-widget-tinymce textwidget\">\n\t<p>Ob f\u00fcr ein Doppelhaus oder ein gr\u00f6\u00dferes Mehrfamilienhaus. F\u00fcr jede Anforderung bieten wir die\u00a0passende Briefkastenanlage. Nat\u00fcrlich stehen verschiedene Modelle und Gr\u00f6\u00dfen zur Auswahl. Somit stellen Sie ganz einfach je nach Wohnungsanzahl Ihr individuelles Modell zusammen. Auch eine Erweiterung ist m\u00f6glich.<\/p>\n<\/div>\n<\/div><\/div><\/div><div id=\"pgc-1418-4-1\"  class=\"panel-grid-cell\" ><div id=\"panel-1418-4-1-0\" class=\"so-panel widget widget_sow-headline panel-first-child\" data-index=\"12\" ><div\n\t\t\t\n\t\t\tclass=\"so-widget-sow-headline so-widget-sow-headline-default-db16a1908776-1418\"\n\t\t\t\n\t\t><div class=\"sow-headline-container \">\n\t\t\t\t\t\t\t<h4 class=\"sow-headline\">\n\t\t\t\t\t\tStandbriefkasten\t\t\t\t\t\t<\/h4>\n\t\t\t\t\t\t\t\t\t\t\t<div class=\"decoration\">\n\t\t\t\t\t\t<div class=\"decoration-inside\"><\/div>\n\t\t\t\t\t<\/div>\n\t\t\t\t\t<\/div>\n<\/div><\/div><div id=\"panel-1418-4-1-1\" class=\"so-panel widget widget_sow-editor panel-last-child\" data-index=\"13\" ><div\n\t\t\t\n\t\t\tclass=\"so-widget-sow-editor so-widget-sow-editor-base\"\n\t\t\t\n\t\t>\n<div class=\"siteorigin-widget-tinymce textwidget\">\n\t<p>Individuell platzierbar und ein echter Blickfang:<br \/>\nBei unseren freistehenden Briefk\u00e4sten haben Sie die Wahl. Denn Sie entscheiden, wie Sie Ihren Standbriefkasten montieren und platzieren wollen.<\/p>\n<\/div>\n<\/div><\/div><\/div><div id=\"pgc-1418-4-2\"  class=\"panel-grid-cell\" ><div id=\"panel-1418-4-2-0\" class=\"so-panel widget widget_sow-headline panel-first-child\" data-index=\"14\" ><div\n\t\t\t\n\t\t\tclass=\"so-widget-sow-headline so-widget-sow-headline-default-db16a1908776-1418\"\n\t\t\t\n\t\t><div class=\"sow-headline-container \">\n\t\t\t\t\t\t\t<h4 class=\"sow-headline\">\n\t\t\t\t\t\tPaketkasten\t\t\t\t\t\t<\/h4>\n\t\t\t\t\t\t\t\t\t\t\t<div class=\"decoration\">\n\t\t\t\t\t\t<div class=\"decoration-inside\"><\/div>\n\t\t\t\t\t<\/div>\n\t\t\t\t\t<\/div>\n<\/div><\/div><div id=\"panel-1418-4-2-1\" class=\"so-panel widget widget_sow-editor panel-last-child\" data-index=\"15\" ><div\n\t\t\t\n\t\t\tclass=\"so-widget-sow-editor so-widget-sow-editor-base\"\n\t\t\t\n\t\t>\n<div class=\"siteorigin-widget-tinymce textwidget\">\n\t<p>Das hei\u00df ersehnte Paket vom liebsten Online-Shop soll endlich kommen. Doch dann sind Sie (nat\u00fcrlich) nicht zu Hause, wenn der Paketdienst klingelt. Das muss nicht sein: Ein Paketkasten schafft Abhilfe!<\/p>\n<\/div>\n<\/div><\/div><\/div><\/div><div id=\"pg-1418-5\"  class=\"panel-grid panel-no-style\" ><div id=\"pgc-1418-5-0\"  class=\"panel-grid-cell\" ><div id=\"panel-1418-5-0-0\" class=\"so-panel widget widget_sow-editor panel-first-child panel-last-child\" data-index=\"16\" ><div\n\t\t\t\n\t\t\tclass=\"so-widget-sow-editor so-widget-sow-editor-base\"\n\t\t\t\n\t\t>\n<div class=\"siteorigin-widget-tinymce textwidget\">\n\t<div class=\"su-spoiler su-spoiler-style-fancy su-spoiler-icon-plus su-spoiler-closed\" data-scroll-offset=\"0\" data-anchor-in-url=\"no\"><div class=\"su-spoiler-title\" tabindex=\"0\" role=\"button\"><span class=\"su-spoiler-icon\"><\/span>Link zur Produktseite<\/div><div class=\"su-spoiler-content su-u-clearfix su-u-trim\"><\/p>\n<p><a href=\"https:\/\/www.renzgroup.de\/\" target=\"_blank\" rel=\"noopener\">RENZ Briefkasten<\/a><\/p>\n<p><a href=\"https:\/\/www.burg.biz\/c\/briefkasten\/\" target=\"_blank\" rel=\"noopener\">Burgw\u00e4chter Briefkasten\/Postkasten<\/a><\/p>\n<p><\/div><\/div>\n<\/div>\n<\/div><\/div><\/div><div id=\"pgc-1418-5-1\"  class=\"panel-grid-cell\" ><div id=\"panel-1418-5-1-0\" class=\"so-panel widget widget_sow-editor panel-first-child panel-last-child\" data-index=\"17\" ><div\n\t\t\t\n\t\t\tclass=\"so-widget-sow-editor so-widget-sow-editor-base\"\n\t\t\t\n\t\t>\n<div class=\"siteorigin-widget-tinymce textwidget\">\n\t<div class=\"su-spoiler su-spoiler-style-fancy su-spoiler-icon-plus su-spoiler-closed\" data-scroll-offset=\"0\" data-anchor-in-url=\"no\"><div class=\"su-spoiler-title\" tabindex=\"0\" role=\"button\"><span class=\"su-spoiler-icon\"><\/span>Download Gesamtkatalog<\/div><div class=\"su-spoiler-content su-u-clearfix su-u-trim\"><\/p>\n<p><a href=\"https:\/\/schliessanlagen-saar.de\/wp-content\/uploads\/2021\/04\/Renz-Gesamtkatalog_Nr_31_ebook.pdf\" target=\"_blank\" rel=\"noopener\">Renz-Gesamtkatalog<\/a><\/p>\n<p><a href=\"https:\/\/schliessanlagen-saar.de\/wp-content\/uploads\/2021\/04\/Ansicht_BW_Produkt-Katalog_2020_gesamt_klein.pdf\" target=\"_blank\" rel=\"noopener\">Burgw\u00e4chter-Gesamtkatalog<\/a><\/p>\n<p><\/div><\/div>\n<\/div>\n<\/div><\/div><\/div><div id=\"pgc-1418-5-2\"  class=\"panel-grid-cell\" ><div id=\"panel-1418-5-2-0\" class=\"so-panel widget widget_sow-editor panel-first-child panel-last-child\" data-index=\"18\" ><div\n\t\t\t\n\t\t\tclass=\"so-widget-sow-editor so-widget-sow-editor-base\"\n\t\t\t\n\t\t>\n<div class=\"siteorigin-widget-tinymce textwidget\">\n\t<div class=\"su-spoiler su-spoiler-style-fancy su-spoiler-icon-plus su-spoiler-closed\" data-scroll-offset=\"0\" data-anchor-in-url=\"no\"><div class=\"su-spoiler-title\" tabindex=\"0\" role=\"button\"><span class=\"su-spoiler-icon\"><\/span>Download Brosch\u00fcre Paketkasten<\/div><div class=\"su-spoiler-content su-u-clearfix su-u-trim\"><\/p>\n<p><a href=\"https:\/\/schliessanlagen-saar.de\/wp-content\/uploads\/2021\/04\/myRENZbox-eQUBO-Prospekt2020.pdf\" target=\"_blank\" rel=\"noopener\">myRENZbox-eQUBO f\u00fcrs Einfamilienhaus<\/a><\/p>\n<p><a href=\"https:\/\/schliessanlagen-saar.de\/wp-content\/uploads\/2021\/04\/myRENZbox_PKA-WoWi_112020.pdf\" target=\"_blank\" rel=\"noopener\">myRENZbox_Wohnungswirtschaft<\/a><\/p>\n<p><a href=\"https:\/\/schliessanlagen-saar.de\/wp-content\/uploads\/2021\/04\/BW_eBoxxParcelLock_Broschuere_DINA4_Ansicht.pdf\" target=\"_blank\" rel=\"noopener\">Burgw\u00e4chter eBoxxParcelLock_Broschuere<\/a><\/p>\n<p><\/div><\/div>\n<\/div>\n<\/div><\/div><\/div><\/div><div id=\"pg-1418-6\"  class=\"panel-grid panel-has-style\" ><div class=\"lsow-row siteorigin-panels-stretch panel-row-style panel-row-style-for-1418-6\" data-stretch-type=\"full\" ><div id=\"pgc-1418-6-0\"  class=\"panel-grid-cell panel-grid-cell-empty\" ><\/div><div id=\"pgc-1418-6-1\"  class=\"panel-grid-cell panel-grid-cell-mobile-last\" ><div id=\"panel-1418-6-1-0\" class=\"so-panel widget widget_sow-editor panel-first-child\" data-index=\"19\" ><div\n\t\t\t\n\t\t\tclass=\"so-widget-sow-editor so-widget-sow-editor-base\"\n\t\t\t\n\t\t>\n<div class=\"siteorigin-widget-tinymce textwidget\">\n\t<h4 class=\"sow-cta-title\" style=\"text-align: center;\"><span style=\"color: #ffffff;\">Sie haben Fragen oder ben\u00f6tigen eine Beratung zu Briefk\u00e4sten ?<\/span><\/h4>\n<\/div>\n<\/div><\/div><div id=\"panel-1418-6-1-1\" class=\"so-panel widget widget_sow-button panel-last-child\" data-index=\"20\" ><div\n\t\t\t\n\t\t\tclass=\"so-widget-sow-button so-widget-sow-button-atom-df8fbad5ec5f-1418\"\n\t\t\t\n\t\t><div class=\"ow-button-base ow-button-align-center\"\n>\n\t\t\t<a\n\t\t\t\t\thref=\"https:\/\/schliessanlagen-saar.de\/?page_id=10\"\n\t\t\t\t\tclass=\"sowb-button ow-icon-placement-left ow-button-hover\" target=\"_blank\" rel=\"noopener noreferrer\" \t>\n\t\t<span>\n\t\t\t\n\t\t\tKontakt\t\t<\/span>\n\t\t\t<\/a>\n\t<\/div>\n<\/div><\/div><\/div><div id=\"pgc-1418-6-2\"  class=\"panel-grid-cell panel-grid-cell-empty\" ><\/div><\/div><\/div><\/div>","protected":false},"excerpt":{"rendered":"<p>Briefk\u00e4sten Ob Sonne, Regen oder Staub: Ein Briefkasten muss \u00fcber die Jahre einiges aushalten. Daher bieten wir Ihnen als Fachh\u00e4ndler qualitativ hochwertige Briefk\u00e4sten an. Die Qualit\u00e4t und die Langlebigkeit unserer Produkte stehen dabei im Vordergrund. Bunt oder gl\u00e4nzend, f\u00fcr die<\/p>\n","protected":false},"author":1,"featured_media":0,"parent":0,"menu_order":0,"comment_status":"closed","ping_status":"closed","template":"","meta":{"footnotes":""},"class_list":["post-1418","page","type-page","status-publish","hentry"],"_links":{"self":[{"href":"https:\/\/schliessanlagen-saar.de\/index.php?rest_route=\/wp\/v2\/pages\/1418","targetHints":{"allow":["GET"]}}],"collection":[{"href":"https:\/\/schliessanlagen-saar.de\/index.php?rest_route=\/wp\/v2\/pages"}],"about":[{"href":"https:\/\/schliessanlagen-saar.de\/index.php?rest_route=\/wp\/v2\/types\/page"}],"author":[{"embeddable":true,"href":"https:\/\/schliessanlagen-saar.de\/index.php?rest_route=\/wp\/v2\/users\/1"}],"replies":[{"embeddable":true,"href":"https:\/\/schliessanlagen-saar.de\/index.php?rest_route=%2Fwp%2Fv2%2Fcomments&post=1418"}],"version-history":[{"count":127,"href":"https:\/\/schliessanlagen-saar.de\/index.php?rest_route=\/wp\/v2\/pages\/1418\/revisions"}],"predecessor-version":[{"id":1560,"href":"https:\/\/schliessanlagen-saar.de\/index.php?rest_route=\/wp\/v2\/pages\/1418\/revisions\/1560"}],"wp:attachment":[{"href":"https:\/\/schliessanlagen-saar.de\/index.php?rest_route=%2Fwp%2Fv2%2Fmedia&parent=1418"}],"curies":[{"name":"wp","href":"https:\/\/api.w.org\/{rel}","templated":true}]}}